{"id":82,"date":"2024-08-16T18:49:13","date_gmt":"2024-08-16T18:49:13","guid":{"rendered":"https:\/\/www.debitia.com\/mxduplicate\/?page_id=82"},"modified":"2024-09-04T18:04:04","modified_gmt":"2024-09-04T18:04:04","slug":"blog","status":"publish","type":"page","link":"https:\/\/debitia.mx\/es_uy\/blog\/","title":{"rendered":"Blog"},"content":{"rendered":"<div class=\"wpb-content-wrapper\"><div class=\"vc_row wpb_row vc_row-fluid wpex-relative\"><div class=\"wpb_column vc_column_container vc_col-sm-12\"><div class=\"vc_column-inner\"><div class=\"wpb_wrapper\">\n\t<div class=\"wpb_text_column wpb_content_element vc_custom_1723841608967\" >\n\t\t<div class=\"wpb_wrapper\">\n\t\t\t<h1 style=\"text-align: center;\">Blog de Gesti\u00f3n de Cobranzas &#8211; Debitia M\u00e9xico<\/h1>\n\n\t\t<\/div>\n\t<\/div>\n\n\t<div class=\"wpb_text_column wpb_content_element\" >\n\t\t<div class=\"wpb_wrapper\">\n\t\t\t<p>Debitia comparte art\u00edculos que permitir\u00e1n optimizar tu Administraci\u00f3n de Cuentas por Cobrar en forma eficiente. Compartimos valiosos consejos, estrategias de gesti\u00f3n de cobranza y recursos \u00fatiles junto a las mejores pr\u00e1cticas obtenidas en numerosas implementaciones en M\u00e9xico y LatinoAmerica.<\/p>\n<p><strong>Ofrecemos las mejores pr\u00e1cticas y estrategias de gesti\u00f3n de cobranza y los mejores m\u00e9todos de cobranza de los cuales nos hemos nutrido, por el uso diario de los m\u00e1s de 200 clientes que disponemos, para desarrollar el mejor software de cobranzas para M\u00e9xico y LatinoAm\u00e9rica.<\/strong><\/p>\n<p><strong>Nuestro software para gesti\u00f3n de cobranzas te permitir\u00e1 gestionar tu cartera, ya que se basa en la experiencia de m\u00e1s 20 a\u00f1os previos en la gesti\u00f3n de cobranzas que luego fue utilizada para desarrollar e incluir en Debitia durante los \u00faltimos 15 a\u00f1os.<\/strong><\/p>\n<p>No dudes en suscribirte y recibir actualizaciones sobre como optimizar tu proceso de Administraci\u00f3n de Cuentas por Cobrar.<\/p>\n\n\t\t<\/div>\n\t<\/div>\n\n\t<div  class=\"wpb_single_image wpb_content_element vc_align_center wpb_content_element vc_custom_1723841851556\">\n\t\t\n\t\t<figure class=\"wpb_wrapper vc_figure\">\n\t\t\t<div class=\"vc_single_image-wrapper   vc_box_border_grey\"><img width=\"1999\" height=\"372\" src=\"https:\/\/debitia.mx\/wp-content\/uploads\/2024\/08\/Clientes-en-Mexico.png\" class=\"vc_single_image-img attachment-full\" alt=\"\" title=\"Clientes-en-Mexico\" srcset=\"https:\/\/debitia.mx\/wp-content\/uploads\/2024\/08\/Clientes-en-Mexico.png 1999w, https:\/\/debitia.mx\/wp-content\/uploads\/2024\/08\/Clientes-en-Mexico-300x56.png 300w, https:\/\/debitia.mx\/wp-content\/uploads\/2024\/08\/Clientes-en-Mexico-1024x191.png 1024w, https:\/\/debitia.mx\/wp-content\/uploads\/2024\/08\/Clientes-en-Mexico-768x143.png 768w, https:\/\/debitia.mx\/wp-content\/uploads\/2024\/08\/Clientes-en-Mexico-1536x286.png 1536w\" sizes=\"(max-width: 1999px) 100vw, 1999px\" \/><\/div>\n\t\t<\/figure>\n\t<\/div>\n<\/div><\/div><\/div><\/div><div class=\"vc_row wpb_row vc_row-fluid wpex-relative\"><div class=\"wpb_column vc_column_container vc_col-sm-12\"><div class=\"vc_column-inner\"><div class=\"wpb_wrapper\"><style>.vcex-blog-grid-wrap.vcex_69e452dde44a8 .entry-title{font-size:28px;}<\/style><div class=\"vcex-module vcex-blog-grid-wrap wpex-clr wpex-mb-40 vcex_69e452dde44a8\"><div class=\"wpex-row vcex-blog-grid wpex-clr entries gap-40 match-height-grid\"><div class=\"vcex-blog-entry vcex-grid-item entry-has-details span_1_of_3 col-1 col entry post-221 type-post has-media cat-5\"><div class=\"vcex-blog-entry-inner entry-inner wpex-first-mt-0 wpex-last-mb-0 wpex-clr wpex-shadow-lg\"><div class=\"vcex-blog-entry-media entry-media wpex-relative\"><a href=\"https:\/\/debitia.mx\/es_uy\/blog\/gc1\/\" title=\"Ley de Gesti\u00f3n de Cobranzas en M\u00e9xico\"><img loading=\"lazy\" class=\"vcex-blog-entry-img wpex-align-middle\" decoding=\"async\" src=\"https:\/\/debitia.mx\/wp-content\/uploads\/2024\/08\/An-indepth-article-discussing-the-laws-and-regulations-surrounding-debt-collection-in-Mexico-emphasizing-the-importance-of-compliance-and-the-benefit-380x200.jpeg\" alt=\"Gesti\u00f3n de Cobranzas en M\u00e9xico. Mejor software de Cobranza en M\u00e9xico\" width=\"380\" height=\"200\"><\/a><\/div><div class=\"vcex-blog-entry-details entry-details wpex-boxed wpex-first-mt-0 wpex-last-mb-0 wpex-clr\"><div class=\"match-height-content\"><h2 class=\"vcex-blog-entry-title entry-title wpex-mb-5\"><a href=\"https:\/\/debitia.mx\/es_uy\/blog\/gc1\/\">Ley de Gesti\u00f3n de Cobranzas en M\u00e9xico<\/a><\/h2><\/div><\/div><\/div><\/div><div class=\"vcex-blog-entry vcex-grid-item entry-has-details span_1_of_3 col-2 col entry post-248 type-post has-media cat-5 post_tag-9 post_tag-8 post_tag-6\"><div class=\"vcex-blog-entry-inner entry-inner wpex-first-mt-0 wpex-last-mb-0 wpex-clr wpex-shadow-lg\"><div class=\"vcex-blog-entry-media entry-media wpex-relative\"><a href=\"https:\/\/debitia.mx\/es_uy\/blog\/5-estrategias-para-recuperar-cartera-vencida\/\" title=\"5 Estrategias para recuperar cartera vencida &#8211; Debitia\"><img loading=\"lazy\" class=\"vcex-blog-entry-img wpex-align-middle\" decoding=\"async\" src=\"https:\/\/debitia.mx\/wp-content\/uploads\/2024\/08\/debitia-mx-gestion-de-cobranzas-380x200.webp\" alt=\"Software de Cobranzas en M\u00e9xico, Debitia, Control de Cuentas por Cobrar en M\u00e9xico y Panam\u00e1. Estrategias de cobranza con IA\" width=\"380\" height=\"200\"><\/a><\/div><div class=\"vcex-blog-entry-details entry-details wpex-boxed wpex-first-mt-0 wpex-last-mb-0 wpex-clr\"><div class=\"match-height-content\"><h2 class=\"vcex-blog-entry-title entry-title wpex-mb-5\"><a href=\"https:\/\/debitia.mx\/es_uy\/blog\/5-estrategias-para-recuperar-cartera-vencida\/\">5 Estrategias para recuperar cartera vencida &#8211; Debitia<\/a><\/h2><\/div><\/div><\/div><\/div><div class=\"vcex-blog-entry vcex-grid-item entry-has-details span_1_of_3 col-3 col entry post-239 type-post has-media cat-5\"><div class=\"vcex-blog-entry-inner entry-inner wpex-first-mt-0 wpex-last-mb-0 wpex-clr wpex-shadow-lg\"><div class=\"vcex-blog-entry-media entry-media wpex-relative\"><a href=\"https:\/\/debitia.mx\/es_uy\/blog\/fintech2-automatizacion-de-cobranzas\/\" title=\"Automatizaci\u00f3n de Cobranzas y Fintech &#8211; Debitia\"><img loading=\"lazy\" class=\"vcex-blog-entry-img wpex-align-middle\" decoding=\"async\" src=\"https:\/\/debitia.mx\/wp-content\/uploads\/2024\/08\/debitia-mx-gestion-de-cobranzas-380x200.webp\" alt=\"Software de Cobranzas en M\u00e9xico, Debitia, Control de Cuentas por Cobrar en M\u00e9xico y Panam\u00e1. Estrategias de cobranza con IA\" width=\"380\" height=\"200\"><\/a><\/div><div class=\"vcex-blog-entry-details entry-details wpex-boxed wpex-first-mt-0 wpex-last-mb-0 wpex-clr\"><div class=\"match-height-content\"><h2 class=\"vcex-blog-entry-title entry-title wpex-mb-5\"><a href=\"https:\/\/debitia.mx\/es_uy\/blog\/fintech2-automatizacion-de-cobranzas\/\">Automatizaci\u00f3n de Cobranzas y Fintech &#8211; Debitia<\/a><\/h2><\/div><\/div><\/div><\/div><div class=\"vcex-blog-entry vcex-grid-item entry-has-details span_1_of_3 col-1 col entry post-232 type-post has-media cat-5\"><div class=\"vcex-blog-entry-inner entry-inner wpex-first-mt-0 wpex-last-mb-0 wpex-clr wpex-shadow-lg\"><div class=\"vcex-blog-entry-media entry-media wpex-relative\"><a href=\"https:\/\/debitia.mx\/es_uy\/blog\/fintech3\/\" title=\"Recuperaci\u00f3n de pagos Fintech de Cobranza Debitia\"><img loading=\"lazy\" class=\"vcex-blog-entry-img wpex-align-middle\" decoding=\"async\" src=\"https:\/\/debitia.mx\/wp-content\/uploads\/2024\/08\/An-article-discussing-how-FinTech-companies-like-Debitia-can-optimize-debt-recovery-through-automation-and-advanced-technology-380x200.webp\" alt=\"\" width=\"380\" height=\"200\"><\/a><\/div><div class=\"vcex-blog-entry-details entry-details wpex-boxed wpex-first-mt-0 wpex-last-mb-0 wpex-clr\"><div class=\"match-height-content\"><h2 class=\"vcex-blog-entry-title entry-title wpex-mb-5\"><a href=\"https:\/\/debitia.mx\/es_uy\/blog\/fintech3\/\">Recuperaci\u00f3n de pagos Fintech de Cobranza Debitia<\/a><\/h2><\/div><\/div><\/div><\/div><div class=\"vcex-blog-entry vcex-grid-item entry-has-details span_1_of_3 col-2 col entry post-182 type-post has-media cat-5\"><div class=\"vcex-blog-entry-inner entry-inner wpex-first-mt-0 wpex-last-mb-0 wpex-clr wpex-shadow-lg\"><div class=\"vcex-blog-entry-media entry-media wpex-relative\"><a href=\"https:\/\/debitia.mx\/es_uy\/blog\/cuales-son-las-ventajas-de-utilizar-un-sistema-de-cobranzas\/\" title=\"\u00bfCu\u00e1les son las ventajas de utilizar un sistema de cobranzas?\"><img loading=\"lazy\" class=\"vcex-blog-entry-img wpex-align-middle\" decoding=\"async\" src=\"https:\/\/debitia.mx\/wp-content\/uploads\/2024\/08\/An-explanation-of-the-benefits-of-using-a-collections-system-380x200.webp\" alt=\"sistema de Cobranzas en M\u00e9xico, Debitia\" width=\"380\" height=\"200\"><\/a><\/div><div class=\"vcex-blog-entry-details entry-details wpex-boxed wpex-first-mt-0 wpex-last-mb-0 wpex-clr\"><div class=\"match-height-content\"><h2 class=\"vcex-blog-entry-title entry-title wpex-mb-5\"><a href=\"https:\/\/debitia.mx\/es_uy\/blog\/cuales-son-las-ventajas-de-utilizar-un-sistema-de-cobranzas\/\">\u00bfCu\u00e1les son las ventajas de utilizar un sistema de cobranzas?<\/a><\/h2><\/div><\/div><\/div><\/div><div class=\"vcex-blog-entry vcex-grid-item entry-has-details span_1_of_3 col-3 col entry post-176 type-post has-media cat-5\"><div class=\"vcex-blog-entry-inner entry-inner wpex-first-mt-0 wpex-last-mb-0 wpex-clr wpex-shadow-lg\"><div class=\"vcex-blog-entry-media entry-media wpex-relative\"><a href=\"https:\/\/debitia.mx\/es_uy\/blog\/cliente-sistema-de-cobranza\/\" title=\"\u00bfC\u00f3mo puede un sistema de cobranzas mejorar la experiencia del cliente?\"><img loading=\"lazy\" class=\"vcex-blog-entry-img wpex-align-middle\" decoding=\"async\" src=\"https:\/\/debitia.mx\/wp-content\/uploads\/2024\/08\/An-advertisement-for-Debitia-a-software-system-for-improving-debt-collection-processes-and-customer-experience-380x200.webp\" alt=\"Cual es el mejor software de cobranza en M\u00e9xico - Debitia\" width=\"380\" height=\"200\"><\/a><\/div><div class=\"vcex-blog-entry-details entry-details wpex-boxed wpex-first-mt-0 wpex-last-mb-0 wpex-clr\"><div class=\"match-height-content\"><h2 class=\"vcex-blog-entry-title entry-title wpex-mb-5\"><a href=\"https:\/\/debitia.mx\/es_uy\/blog\/cliente-sistema-de-cobranza\/\">\u00bfC\u00f3mo puede un sistema de cobranzas mejorar la experiencia del cliente?<\/a><\/h2><\/div><\/div><\/div><\/div><div class=\"vcex-blog-entry vcex-grid-item entry-has-details span_1_of_3 col-1 col entry post-179 type-post has-media cat-5\"><div class=\"vcex-blog-entry-inner entry-inner wpex-first-mt-0 wpex-last-mb-0 wpex-clr wpex-shadow-lg\"><div class=\"vcex-blog-entry-media entry-media wpex-relative\"><a href=\"https:\/\/debitia.mx\/es_uy\/blog\/como-implementar-un-sistema-de-cobranzas-en-mi-empresa\/\" title=\"\u00bfC\u00f3mo implementar un sistema de cobranzas en mi empresa?\"><img loading=\"lazy\" class=\"vcex-blog-entry-img wpex-align-middle\" decoding=\"async\" src=\"https:\/\/debitia.mx\/wp-content\/uploads\/2024\/08\/Al-elegir-un-sistema-de-cobranzas-para-tu-empresa-considera-los-siguientes-factoresIntegracion-de-plataformas-de-pago-El-sistema-de-cobranzas-debe-p-380x200.webp\" alt=\"Tipos de cobranza en una empresa, tipos de cobranza en M\u00e9xico, mejor tipo de cobranza. Tipos de cobranza en una empresa, tipos de cobranza en M\u00e9xico\" width=\"380\" height=\"200\"><\/a><\/div><div class=\"vcex-blog-entry-details entry-details wpex-boxed wpex-first-mt-0 wpex-last-mb-0 wpex-clr\"><div class=\"match-height-content\"><h2 class=\"vcex-blog-entry-title entry-title wpex-mb-5\"><a href=\"https:\/\/debitia.mx\/es_uy\/blog\/como-implementar-un-sistema-de-cobranzas-en-mi-empresa\/\">\u00bfC\u00f3mo implementar un sistema de cobranzas en mi empresa?<\/a><\/h2><\/div><\/div><\/div><\/div><div class=\"vcex-blog-entry vcex-grid-item entry-has-details span_1_of_3 col-2 col entry post-185 type-post has-media cat-5\"><div class=\"vcex-blog-entry-inner entry-inner wpex-first-mt-0 wpex-last-mb-0 wpex-clr wpex-shadow-lg\"><div class=\"vcex-blog-entry-media entry-media wpex-relative\"><a href=\"https:\/\/debitia.mx\/es_uy\/blog\/debitia2\/\" title=\"Que es Debitia Software de Cobranzas\"><img loading=\"lazy\" class=\"vcex-blog-entry-img wpex-align-middle\" decoding=\"async\" src=\"https:\/\/debitia.mx\/wp-content\/uploads\/2024\/08\/A-description-of-Debitia-software-for-debt-collection-in-Latin-America-380x200.jpeg\" alt=\"\" width=\"380\" height=\"200\"><\/a><\/div><div class=\"vcex-blog-entry-details entry-details wpex-boxed wpex-first-mt-0 wpex-last-mb-0 wpex-clr\"><div class=\"match-height-content\"><h2 class=\"vcex-blog-entry-title entry-title wpex-mb-5\"><a href=\"https:\/\/debitia.mx\/es_uy\/blog\/debitia2\/\">Que es Debitia Software de Cobranzas<\/a><\/h2><\/div><\/div><\/div><\/div><div class=\"vcex-blog-entry vcex-grid-item entry-has-details span_1_of_3 col-3 col entry post-189 type-post has-media cat-5\"><div class=\"vcex-blog-entry-inner entry-inner wpex-first-mt-0 wpex-last-mb-0 wpex-clr wpex-shadow-lg\"><div class=\"vcex-blog-entry-media entry-media wpex-relative\"><a href=\"https:\/\/debitia.mx\/es_uy\/blog\/debitia-que-es-debitia-como-gestiona-las-cobranzas\/\" title=\"\u00bfQu\u00e9 es Debitia? \u00bfC\u00f3mo gestiona las Cobranzas?\"><img loading=\"lazy\" class=\"vcex-blog-entry-img wpex-align-middle\" decoding=\"async\" src=\"https:\/\/debitia.mx\/wp-content\/uploads\/2024\/08\/Proceso-de-Cobranzas-380x200.webp\" alt=\"\" width=\"380\" height=\"200\"><\/a><\/div><div class=\"vcex-blog-entry-details entry-details wpex-boxed wpex-first-mt-0 wpex-last-mb-0 wpex-clr\"><div class=\"match-height-content\"><h2 class=\"vcex-blog-entry-title entry-title wpex-mb-5\"><a href=\"https:\/\/debitia.mx\/es_uy\/blog\/debitia-que-es-debitia-como-gestiona-las-cobranzas\/\">\u00bfQu\u00e9 es Debitia? \u00bfC\u00f3mo gestiona las Cobranzas?<\/a><\/h2><\/div><\/div><\/div><\/div><\/div><div class=\"wpex-pagination wpex-clear wpex-mt-30\"><ul class='page-numbers'>\n\t<li><span aria-current=\"page\" class=\"page-numbers current\"><span class=\"screen-reader-text\">Page <\/span>1<\/span><\/li>\n\t<li><a class=\"page-numbers\" href=\"https:\/\/debitia.mx\/es_uy\/wp-json\/wp\/v2\/pages\/82\/page\/2\/\"><span class=\"screen-reader-text\">Page <\/span>2<\/a><\/li>\n\t<li><a class=\"next page-numbers\" href=\"https:\/\/debitia.mx\/es_uy\/wp-json\/wp\/v2\/pages\/82\/page\/2\/\"><span class=\"page-numbers-icon wpex-icon wpex-icon--xs wpex-icon--bidi\" aria-hidden=\"true\"><svg xmlns=\"http:\/\/www.w3.org\/2000\/svg\" viewbox=\"0 0 320 512\"><path d=\"M278.6 233.4c12.5 12.5 12.5 32.8 0 45.3l-160 160c-12.5 12.5-32.8 12.5-45.3 0s-12.5-32.8 0-45.3L210.7 256 73.4 118.6c-12.5-12.5-12.5-32.8 0-45.3s32.8-12.5 45.3 0l160 160z\"\/><\/svg><\/span><span class=\"screen-reader-text\">Next<\/span><\/a><\/li>\n<\/ul>\n<\/div><\/div><\/div><\/div><\/div><\/div>\n<\/div>","protected":false},"excerpt":{"rendered":"Debitia es una innovadora Plataforma de Gesti\u00f3n de Cuentas por Cobrar en Latinoam\u00e9rica, dise\u00f1ada para automatizar y optimizar el proceso de gesti\u00f3n y administraci\u00f3n de cuentas por cobrar. Nuestro Sistema de Gesti\u00f3n de Cobranzas, facilita el contacto con los clientes mediante estrategias de gesti\u00f3n de cobranzas inteligentes y canales digitales como WhatsApp y email, ademas&hellip;","protected":false},"author":1,"featured_media":0,"parent":0,"menu_order":0,"comment_status":"closed","ping_status":"closed","template":"","meta":{"footnotes":""},"class_list":["post-82","page","type-page","status-publish","hentry","entry","has-media"],"_links":{"self":[{"href":"https:\/\/debitia.mx\/es_uy\/wp-json\/wp\/v2\/pages\/82","targetHints":{"allow":["GET"]}}],"collection":[{"href":"https:\/\/debitia.mx\/es_uy\/wp-json\/wp\/v2\/pages"}],"about":[{"href":"https:\/\/debitia.mx\/es_uy\/wp-json\/wp\/v2\/types\/page"}],"author":[{"embeddable":true,"href":"https:\/\/debitia.mx\/es_uy\/wp-json\/wp\/v2\/users\/1"}],"replies":[{"embeddable":true,"href":"https:\/\/debitia.mx\/es_uy\/wp-json\/wp\/v2\/comments?post=82"}],"version-history":[{"count":22,"href":"https:\/\/debitia.mx\/es_uy\/wp-json\/wp\/v2\/pages\/82\/revisions"}],"predecessor-version":[{"id":390,"href":"https:\/\/debitia.mx\/es_uy\/wp-json\/wp\/v2\/pages\/82\/revisions\/390"}],"wp:attachment":[{"href":"https:\/\/debitia.mx\/es_uy\/wp-json\/wp\/v2\/media?parent=82"}],"curies":[{"name":"wp","href":"https:\/\/api.w.org\/{rel}","templated":true}]}}